{"id":10,"date":"2019-10-06T13:30:16","date_gmt":"2019-10-06T13:30:16","guid":{"rendered":"https:\/\/basement.bigbuddies.de\/?page_id=10"},"modified":"2020-07-12T09:45:19","modified_gmt":"2020-07-12T09:45:19","slug":"sport-in-der-praevention","status":"publish","type":"page","link":"https:\/\/sc-balje.de\/index.php\/sport-in-der-praevention\/","title":{"rendered":"Sport in der Pr\u00e4vention"},"content":{"rendered":"\n<p class=\"has-text-color has-vivid-red-color\"><strong>Ziele der Gesundheitsf\u00f6rderung durch Sport und Bewegung:<\/strong><\/p>\n\n\n\n<ul class=\"wp-block-list\"><li>K\u00f6rperliche Leistungsf\u00e4higkeit<\/li><li>Fitness<\/li><li>K\u00f6rperbewusstsein<\/li><li>Bewegungserleben<\/li><li>Entspannungsf\u00e4higkeit<\/li><li>Psychische Ausgeglichenheit<\/li><li>Gesundheitsbezogenes Wissen<\/li><li>Gesundheitsbewusstsein<\/li><\/ul>\n\n\n\n<p>Unsere \u00dcbungsleiterin Erika Meyer (Fit mit Bewegung und Spa\u00df) besitzt die Zusatzqualifikation &#8222;Sport in der Pr\u00e4vention&#8220;. <\/p>\n\n\n\n<p>Nicole Wisch (Gesund und Fit f\u00fcr Frauen und M\u00e4nner und Bodyfit) ist ausgebildete Physiotherapeutin.<\/p>\n","protected":false},"excerpt":{"rendered":"<p>Ziele der Gesundheitsf\u00f6rderung durch Sport und Bewegung: K\u00f6rperliche Leistungsf\u00e4higkeit Fitness K\u00f6rperbewusstsein Bewegungserleben Entspannungsf\u00e4higkeit Psychische Ausgeglichenheit Gesundheitsbezogenes Wissen Gesundheitsbewusstsein Unsere \u00dcbungsleiterin Erika Meyer (Fit mit Bewegung&#8230;<\/p>\n<div class=\"more-link-wrapper\"><a class=\"more-link\" href=\"https:\/\/sc-balje.de\/index.php\/sport-in-der-praevention\/\">Weiterlesen<span class=\"screen-reader-text\">Sport in der Pr\u00e4vention<\/span><\/a><\/div>\n","protected":false},"author":1,"featured_media":275,"parent":0,"menu_order":0,"comment_status":"closed","ping_status":"closed","template":"","meta":{"footnotes":""},"class_list":["post-10","page","type-page","status-publish","has-post-thumbnail","hentry","entry"],"yoast_head":"<!-- This site is optimized with the Yoast SEO plugin v27.5 - https:\/\/yoast.com\/product\/yoast-seo-wordpress\/ -->\n<title>Sport in der Pr\u00e4vention - SC Balje e.V.<\/title>\n<meta name=\"robots\" content=\"index, follow, max-snippet:-1, max-image-preview:large, max-video-preview:-1\" \/>\n<link rel=\"canonical\" href=\"https:\/\/sc-balje.de\/index.php\/sport-in-der-praevention\/\" \/>\n<script type=\"application\/ld+json\" class=\"yoast-schema-graph\">{\"@context\":\"https:\\\/\\\/schema.org\",\"@graph\":[{\"@type\":\"BreadcrumbList\",\"@id\":\"https:\\\/\\\/sc-balje.de\\\/index.php\\\/sport-in-der-praevention\\\/#breadcrumb\",\"itemListElement\":[{\"@type\":\"ListItem\",\"position\":1,\"name\":\"Home\",\"item\":\"https:\\\/\\\/sc-balje.de\\\/\"},{\"@type\":\"ListItem\",\"position\":2,\"name\":\"Sport in der Pr\u00e4vention\"}]}]}<\/script>\n<!-- \/ Yoast SEO plugin. -->","yoast_head_json":{"title":"Sport in der Pr\u00e4vention - SC Balje e.V.","robots":{"index":"index","follow":"follow","max-snippet":"max-snippet:-1","max-image-preview":"max-image-preview:large","max-video-preview":"max-video-preview:-1"},"canonical":"https:\/\/sc-balje.de\/index.php\/sport-in-der-praevention\/","schema":{"@context":"https:\/\/schema.org","@graph":[{"@type":"BreadcrumbList","@id":"https:\/\/sc-balje.de\/index.php\/sport-in-der-praevention\/#breadcrumb","itemListElement":[{"@type":"ListItem","position":1,"name":"Home","item":"https:\/\/sc-balje.de\/"},{"@type":"ListItem","position":2,"name":"Sport in der Pr\u00e4vention"}]}]}},"_links":{"self":[{"href":"https:\/\/sc-balje.de\/index.php\/wp-json\/wp\/v2\/pages\/10","targetHints":{"allow":["GET"]}}],"collection":[{"href":"https:\/\/sc-balje.de\/index.php\/wp-json\/wp\/v2\/pages"}],"about":[{"href":"https:\/\/sc-balje.de\/index.php\/wp-json\/wp\/v2\/types\/page"}],"author":[{"embeddable":true,"href":"https:\/\/sc-balje.de\/index.php\/wp-json\/wp\/v2\/users\/1"}],"replies":[{"embeddable":true,"href":"https:\/\/sc-balje.de\/index.php\/wp-json\/wp\/v2\/comments?post=10"}],"version-history":[{"count":3,"href":"https:\/\/sc-balje.de\/index.php\/wp-json\/wp\/v2\/pages\/10\/revisions"}],"predecessor-version":[{"id":413,"href":"https:\/\/sc-balje.de\/index.php\/wp-json\/wp\/v2\/pages\/10\/revisions\/413"}],"wp:featuredmedia":[{"embeddable":true,"href":"https:\/\/sc-balje.de\/index.php\/wp-json\/wp\/v2\/media\/275"}],"wp:attachment":[{"href":"https:\/\/sc-balje.de\/index.php\/wp-json\/wp\/v2\/media?parent=10"}],"curies":[{"name":"wp","href":"https:\/\/api.w.org\/{rel}","templated":true}]}}