{"id":113,"date":"2019-10-10T17:06:55","date_gmt":"2019-10-10T17:06:55","guid":{"rendered":"https:\/\/basement.bigbuddies.de\/?page_id=113"},"modified":"2026-02-23T15:48:09","modified_gmt":"2026-02-23T15:48:09","slug":"mutter-vater-kind-turnen","status":"publish","type":"page","link":"https:\/\/sc-balje.de\/index.php\/mutter-vater-kind-turnen\/","title":{"rendered":"Mutter-Vater-Kind-Turnen"},"content":{"rendered":"\n<p>In diesem Kurs werden Kinder auf spielerische Art und Weise sportlich gef\u00f6rdert. Gemeinsam mit Mutter\/Vater oder auch Oma\/Opa werden altersgerechte \u00dcbungen durchgef\u00fchrt. Zum Beispiel singen wir einfache Kinderlieder und setzen sie spielerisch um. Das macht selbst den Kleinsten Spa\u00df.<\/p>\n\n\n\n<p>Dienstag von 15:45\u201316:45 Uhr<br>in der Turnhalle Balje<\/p>\n\n\n<div class=\"wp-block-image\">\n<figure class=\"alignleft size-full is-resized\"><img loading=\"lazy\" decoding=\"async\" width=\"330\" height=\"330\" src=\"https:\/\/sc-balje.de\/wp-content\/uploads\/2020\/04\/Bildschirmfoto-2016-11-16-um-00.22.16.png\" alt=\"\" class=\"wp-image-351\" style=\"width:149px\" srcset=\"https:\/\/sc-balje.de\/wp-content\/uploads\/2020\/04\/Bildschirmfoto-2016-11-16-um-00.22.16.png 330w, https:\/\/sc-balje.de\/wp-content\/uploads\/2020\/04\/Bildschirmfoto-2016-11-16-um-00.22.16-300x300.png 300w, https:\/\/sc-balje.de\/wp-content\/uploads\/2020\/04\/Bildschirmfoto-2016-11-16-um-00.22.16-150x150.png 150w\" sizes=\"auto, (max-width: 330px) 100vw, 330px\" \/><\/figure>\n<\/div>\n\n\n<p><strong>Julia Fanter<\/strong><br>Telefon: 0160 92920131<\/p>\n\n\n\n<p><\/p>\n\n\n\n<p><br><\/p>\n\n\n\n<div style=\"height:18px\" aria-hidden=\"true\" class=\"wp-block-spacer\"><\/div>\n\n\n<div class=\"wp-block-image\">\n<figure class=\"alignleft size-full is-resized\"><img loading=\"lazy\" decoding=\"async\" width=\"330\" height=\"330\" src=\"https:\/\/sc-balje.de\/wp-content\/uploads\/2020\/04\/Bildschirmfoto-2016-11-16-um-00.22.16.png\" alt=\"\" class=\"wp-image-351\" style=\"width:149px\" srcset=\"https:\/\/sc-balje.de\/wp-content\/uploads\/2020\/04\/Bildschirmfoto-2016-11-16-um-00.22.16.png 330w, https:\/\/sc-balje.de\/wp-content\/uploads\/2020\/04\/Bildschirmfoto-2016-11-16-um-00.22.16-300x300.png 300w, https:\/\/sc-balje.de\/wp-content\/uploads\/2020\/04\/Bildschirmfoto-2016-11-16-um-00.22.16-150x150.png 150w\" sizes=\"auto, (max-width: 330px) 100vw, 330px\" \/><\/figure>\n<\/div>\n\n\n<p><strong>Sarah Boysen<\/strong><br>Telefon: 01511 6946413<\/p>\n","protected":false},"excerpt":{"rendered":"<p>In diesem Kurs werden Kinder auf spielerische Art und Weise sportlich gef\u00f6rdert. Gemeinsam mit Mutter\/Vater oder auch Oma\/Opa werden altersgerechte \u00dcbungen durchgef\u00fchrt. Zum Beispiel singen&#8230;<\/p>\n<div class=\"more-link-wrapper\"><a class=\"more-link\" href=\"https:\/\/sc-balje.de\/index.php\/mutter-vater-kind-turnen\/\">Weiterlesen<span class=\"screen-reader-text\">Mutter-Vater-Kind-Turnen<\/span><\/a><\/div>\n","protected":false},"author":1,"featured_media":342,"parent":0,"menu_order":0,"comment_status":"closed","ping_status":"closed","template":"","meta":{"footnotes":""},"class_list":["post-113","page","type-page","status-publish","has-post-thumbnail","hentry","entry"],"yoast_head":"<!-- This site is optimized with the Yoast SEO plugin v27.5 - https:\/\/yoast.com\/product\/yoast-seo-wordpress\/ -->\n<title>Mutter-Vater-Kind-Turnen - SC Balje e.V.<\/title>\n<meta name=\"robots\" content=\"index, follow, max-snippet:-1, max-image-preview:large, max-video-preview:-1\" \/>\n<link rel=\"canonical\" href=\"https:\/\/sc-balje.de\/index.php\/mutter-vater-kind-turnen\/\" \/>\n<script type=\"application\/ld+json\" class=\"yoast-schema-graph\">{\"@context\":\"https:\\\/\\\/schema.org\",\"@graph\":[{\"@type\":\"BreadcrumbList\",\"@id\":\"https:\\\/\\\/sc-balje.de\\\/index.php\\\/mutter-vater-kind-turnen\\\/#breadcrumb\",\"itemListElement\":[{\"@type\":\"ListItem\",\"position\":1,\"name\":\"Home\",\"item\":\"https:\\\/\\\/sc-balje.de\\\/\"},{\"@type\":\"ListItem\",\"position\":2,\"name\":\"Mutter-Vater-Kind-Turnen\"}]}]}<\/script>\n<!-- \/ Yoast SEO plugin. -->","yoast_head_json":{"title":"Mutter-Vater-Kind-Turnen - SC Balje e.V.","robots":{"index":"index","follow":"follow","max-snippet":"max-snippet:-1","max-image-preview":"max-image-preview:large","max-video-preview":"max-video-preview:-1"},"canonical":"https:\/\/sc-balje.de\/index.php\/mutter-vater-kind-turnen\/","schema":{"@context":"https:\/\/schema.org","@graph":[{"@type":"BreadcrumbList","@id":"https:\/\/sc-balje.de\/index.php\/mutter-vater-kind-turnen\/#breadcrumb","itemListElement":[{"@type":"ListItem","position":1,"name":"Home","item":"https:\/\/sc-balje.de\/"},{"@type":"ListItem","position":2,"name":"Mutter-Vater-Kind-Turnen"}]}]}},"_links":{"self":[{"href":"https:\/\/sc-balje.de\/index.php\/wp-json\/wp\/v2\/pages\/113","targetHints":{"allow":["GET"]}}],"collection":[{"href":"https:\/\/sc-balje.de\/index.php\/wp-json\/wp\/v2\/pages"}],"about":[{"href":"https:\/\/sc-balje.de\/index.php\/wp-json\/wp\/v2\/types\/page"}],"author":[{"embeddable":true,"href":"https:\/\/sc-balje.de\/index.php\/wp-json\/wp\/v2\/users\/1"}],"replies":[{"embeddable":true,"href":"https:\/\/sc-balje.de\/index.php\/wp-json\/wp\/v2\/comments?post=113"}],"version-history":[{"count":16,"href":"https:\/\/sc-balje.de\/index.php\/wp-json\/wp\/v2\/pages\/113\/revisions"}],"predecessor-version":[{"id":835,"href":"https:\/\/sc-balje.de\/index.php\/wp-json\/wp\/v2\/pages\/113\/revisions\/835"}],"wp:featuredmedia":[{"embeddable":true,"href":"https:\/\/sc-balje.de\/index.php\/wp-json\/wp\/v2\/media\/342"}],"wp:attachment":[{"href":"https:\/\/sc-balje.de\/index.php\/wp-json\/wp\/v2\/media?parent=113"}],"curies":[{"name":"wp","href":"https:\/\/api.w.org\/{rel}","templated":true}]}}