{"id":792,"date":"2026-02-23T15:02:56","date_gmt":"2026-02-23T15:02:56","guid":{"rendered":"https:\/\/sc-balje.de\/?page_id=792"},"modified":"2026-02-23T19:20:37","modified_gmt":"2026-02-23T19:20:37","slug":"kids-kicker","status":"publish","type":"page","link":"https:\/\/sc-balje.de\/index.php\/kids-kicker\/","title":{"rendered":"Kids Kicker"},"content":{"rendered":"\n<p class=\"has-vivid-red-color has-text-color has-link-color wp-elements-c9365267f914bd71ea50e5e539e3962b\"><\/p>\n\n\n\n<p><\/p>\n\n\n\n<p>Kids Kicker ist unser offenes Fu\u00dfballangebot f\u00fcr alle Jungs zwischen 8 und 16 Jahren. Hier wird frei gekickt, gemeinsam gespielt und vor allem jede Menge Spa\u00df am Fu\u00dfball erlebt.<\/p>\n\n\n\n<p>Dienstag von 17:30\u201318:45 Uhr<br>in der Turnhalle Balje (Bei sch\u00f6nem Wetter drau\u00dfen auf dem Fu\u00dfballplatz)<\/p>\n\n\n<div class=\"wp-block-image\">\n<figure class=\"alignleft size-full is-resized\"><img loading=\"lazy\" decoding=\"async\" width=\"330\" height=\"330\" src=\"https:\/\/sc-balje.de\/wp-content\/uploads\/2020\/04\/Bildschirmfoto-2016-11-16-um-00.22.57.png\" alt=\"\" class=\"wp-image-354\" style=\"width:149px\" srcset=\"https:\/\/sc-balje.de\/wp-content\/uploads\/2020\/04\/Bildschirmfoto-2016-11-16-um-00.22.57.png 330w, https:\/\/sc-balje.de\/wp-content\/uploads\/2020\/04\/Bildschirmfoto-2016-11-16-um-00.22.57-300x300.png 300w, https:\/\/sc-balje.de\/wp-content\/uploads\/2020\/04\/Bildschirmfoto-2016-11-16-um-00.22.57-150x150.png 150w\" sizes=\"auto, (max-width: 330px) 100vw, 330px\" \/><\/figure>\n<\/div>\n\n\n<p><strong>Walid Kahlon<\/strong><br>Telefon: 0162 8866100<\/p>\n\n\n\n<p><\/p>\n","protected":false},"excerpt":{"rendered":"<p>Kids Kicker ist unser offenes Fu\u00dfballangebot f\u00fcr alle Jungs zwischen 8 und 16 Jahren. Hier wird frei gekickt, gemeinsam gespielt und vor allem jede Menge&#8230;<\/p>\n<div class=\"more-link-wrapper\"><a class=\"more-link\" href=\"https:\/\/sc-balje.de\/index.php\/kids-kicker\/\">Weiterlesen<span class=\"screen-reader-text\">Kids Kicker<\/span><\/a><\/div>\n","protected":false},"author":1,"featured_media":801,"parent":0,"menu_order":0,"comment_status":"closed","ping_status":"closed","template":"","meta":{"footnotes":""},"class_list":["post-792","page","type-page","status-publish","has-post-thumbnail","hentry","entry"],"yoast_head":"<!-- This site is optimized with the Yoast SEO plugin v27.3 - https:\/\/yoast.com\/product\/yoast-seo-wordpress\/ -->\n<title>Kids Kicker - SC Balje e.V.<\/title>\n<meta name=\"robots\" content=\"index, follow, max-snippet:-1, max-image-preview:large, max-video-preview:-1\" \/>\n<link rel=\"canonical\" href=\"https:\/\/sc-balje.de\/index.php\/kids-kicker\/\" \/>\n<script type=\"application\/ld+json\" class=\"yoast-schema-graph\">{\"@context\":\"https:\\\/\\\/schema.org\",\"@graph\":[{\"@type\":\"BreadcrumbList\",\"@id\":\"https:\\\/\\\/sc-balje.de\\\/index.php\\\/kids-kicker\\\/#breadcrumb\",\"itemListElement\":[{\"@type\":\"ListItem\",\"position\":1,\"name\":\"Home\",\"item\":\"https:\\\/\\\/sc-balje.de\\\/\"},{\"@type\":\"ListItem\",\"position\":2,\"name\":\"Kids Kicker\"}]}]}<\/script>\n<!-- \/ Yoast SEO plugin. -->","yoast_head_json":{"title":"Kids Kicker - SC Balje e.V.","robots":{"index":"index","follow":"follow","max-snippet":"max-snippet:-1","max-image-preview":"max-image-preview:large","max-video-preview":"max-video-preview:-1"},"canonical":"https:\/\/sc-balje.de\/index.php\/kids-kicker\/","schema":{"@context":"https:\/\/schema.org","@graph":[{"@type":"BreadcrumbList","@id":"https:\/\/sc-balje.de\/index.php\/kids-kicker\/#breadcrumb","itemListElement":[{"@type":"ListItem","position":1,"name":"Home","item":"https:\/\/sc-balje.de\/"},{"@type":"ListItem","position":2,"name":"Kids Kicker"}]}]}},"_links":{"self":[{"href":"https:\/\/sc-balje.de\/index.php\/wp-json\/wp\/v2\/pages\/792","targetHints":{"allow":["GET"]}}],"collection":[{"href":"https:\/\/sc-balje.de\/index.php\/wp-json\/wp\/v2\/pages"}],"about":[{"href":"https:\/\/sc-balje.de\/index.php\/wp-json\/wp\/v2\/types\/page"}],"author":[{"embeddable":true,"href":"https:\/\/sc-balje.de\/index.php\/wp-json\/wp\/v2\/users\/1"}],"replies":[{"embeddable":true,"href":"https:\/\/sc-balje.de\/index.php\/wp-json\/wp\/v2\/comments?post=792"}],"version-history":[{"count":6,"href":"https:\/\/sc-balje.de\/index.php\/wp-json\/wp\/v2\/pages\/792\/revisions"}],"predecessor-version":[{"id":840,"href":"https:\/\/sc-balje.de\/index.php\/wp-json\/wp\/v2\/pages\/792\/revisions\/840"}],"wp:featuredmedia":[{"embeddable":true,"href":"https:\/\/sc-balje.de\/index.php\/wp-json\/wp\/v2\/media\/801"}],"wp:attachment":[{"href":"https:\/\/sc-balje.de\/index.php\/wp-json\/wp\/v2\/media?parent=792"}],"curies":[{"name":"wp","href":"https:\/\/api.w.org\/{rel}","templated":true}]}}