{"id":91,"date":"2019-10-10T15:45:11","date_gmt":"2019-10-10T15:45:11","guid":{"rendered":"https:\/\/basement.bigbuddies.de\/?page_id=91"},"modified":"2026-02-23T15:40:04","modified_gmt":"2026-02-23T15:40:04","slug":"mobil-und-trittsicher","status":"publish","type":"page","link":"https:\/\/sc-balje.de\/index.php\/mobil-und-trittsicher\/","title":{"rendered":"Mobil und Trittsicher"},"content":{"rendered":"\n<p>In Balance bleiben<br>Muskelkraft und Bewegungssicherheit<br>Den Alltag sicher meistern<br>St\u00fcrze verhindern<\/p>\n\n\n\n<div class=\"wp-block-group is-vertical is-layout-flex wp-container-core-group-is-layout-8cf370e7 wp-block-group-is-layout-flex\">\n<div class=\"wp-block-group\"><div class=\"wp-block-group__inner-container is-layout-constrained wp-block-group-is-layout-constrained\">\n<h4 class=\"wp-block-heading has-regular-font-size\">Montag von 16:00\u201317:00 Uhr<\/h4>\n\n\n\n<h4 class=\"wp-block-heading has-regular-font-size\">Freitag von 10:00\u201311:00 Uhr<br>in der Turnhalle Balje<br>f\u00fcr Frauen und M\u00e4nner<\/h4>\n\n\n\n<p><\/p>\n<\/div><\/div>\n<\/div>\n\n\n<div class=\"wp-block-image\">\n<figure class=\"alignleft size-large is-resized\"><img loading=\"lazy\" decoding=\"async\" width=\"594\" height=\"823\" src=\"https:\/\/sc-balje.de\/wp-content\/uploads\/2020\/07\/Erika.png\" alt=\"\" class=\"wp-image-398\" style=\"width:149px;height:206px\" srcset=\"https:\/\/sc-balje.de\/wp-content\/uploads\/2020\/07\/Erika.png 594w, https:\/\/sc-balje.de\/wp-content\/uploads\/2020\/07\/Erika-217x300.png 217w\" sizes=\"auto, (max-width: 594px) 100vw, 594px\" \/><\/figure>\n<\/div>\n\n\n<p><strong>Erika Meyer<\/strong><br>\u00dcbungsleiterin im Gesundheitssport Pr\u00e4vention<br>Telefon: 0177 \/ 6072790<\/p>\n","protected":false},"excerpt":{"rendered":"<p>In Balance bleibenMuskelkraft und BewegungssicherheitDen Alltag sicher meisternSt\u00fcrze verhindern Montag von 16:00\u201317:00 Uhr Freitag von 10:00\u201311:00 Uhrin der Turnhalle Baljef\u00fcr Frauen und M\u00e4nner Erika Meyer\u00dcbungsleiterin&#8230;<\/p>\n<div class=\"more-link-wrapper\"><a class=\"more-link\" href=\"https:\/\/sc-balje.de\/index.php\/mobil-und-trittsicher\/\">Weiterlesen<span class=\"screen-reader-text\">Mobil und Trittsicher<\/span><\/a><\/div>\n","protected":false},"author":1,"featured_media":337,"parent":0,"menu_order":0,"comment_status":"closed","ping_status":"closed","template":"","meta":{"footnotes":""},"class_list":["post-91","page","type-page","status-publish","has-post-thumbnail","hentry","entry"],"yoast_head":"<!-- This site is optimized with the Yoast SEO plugin v27.3 - https:\/\/yoast.com\/product\/yoast-seo-wordpress\/ -->\n<title>Mobil und Trittsicher - SC Balje e.V.<\/title>\n<meta name=\"robots\" content=\"index, follow, max-snippet:-1, max-image-preview:large, max-video-preview:-1\" \/>\n<link rel=\"canonical\" href=\"https:\/\/sc-balje.de\/index.php\/mobil-und-trittsicher\/\" \/>\n<script type=\"application\/ld+json\" class=\"yoast-schema-graph\">{\"@context\":\"https:\\\/\\\/schema.org\",\"@graph\":[{\"@type\":\"BreadcrumbList\",\"@id\":\"https:\\\/\\\/sc-balje.de\\\/index.php\\\/mobil-und-trittsicher\\\/#breadcrumb\",\"itemListElement\":[{\"@type\":\"ListItem\",\"position\":1,\"name\":\"Home\",\"item\":\"https:\\\/\\\/sc-balje.de\\\/\"},{\"@type\":\"ListItem\",\"position\":2,\"name\":\"Mobil und Trittsicher\"}]}]}<\/script>\n<!-- \/ Yoast SEO plugin. -->","yoast_head_json":{"title":"Mobil und Trittsicher - SC Balje e.V.","robots":{"index":"index","follow":"follow","max-snippet":"max-snippet:-1","max-image-preview":"max-image-preview:large","max-video-preview":"max-video-preview:-1"},"canonical":"https:\/\/sc-balje.de\/index.php\/mobil-und-trittsicher\/","schema":{"@context":"https:\/\/schema.org","@graph":[{"@type":"BreadcrumbList","@id":"https:\/\/sc-balje.de\/index.php\/mobil-und-trittsicher\/#breadcrumb","itemListElement":[{"@type":"ListItem","position":1,"name":"Home","item":"https:\/\/sc-balje.de\/"},{"@type":"ListItem","position":2,"name":"Mobil und Trittsicher"}]}]}},"_links":{"self":[{"href":"https:\/\/sc-balje.de\/index.php\/wp-json\/wp\/v2\/pages\/91","targetHints":{"allow":["GET"]}}],"collection":[{"href":"https:\/\/sc-balje.de\/index.php\/wp-json\/wp\/v2\/pages"}],"about":[{"href":"https:\/\/sc-balje.de\/index.php\/wp-json\/wp\/v2\/types\/page"}],"author":[{"embeddable":true,"href":"https:\/\/sc-balje.de\/index.php\/wp-json\/wp\/v2\/users\/1"}],"replies":[{"embeddable":true,"href":"https:\/\/sc-balje.de\/index.php\/wp-json\/wp\/v2\/comments?post=91"}],"version-history":[{"count":14,"href":"https:\/\/sc-balje.de\/index.php\/wp-json\/wp\/v2\/pages\/91\/revisions"}],"predecessor-version":[{"id":824,"href":"https:\/\/sc-balje.de\/index.php\/wp-json\/wp\/v2\/pages\/91\/revisions\/824"}],"wp:featuredmedia":[{"embeddable":true,"href":"https:\/\/sc-balje.de\/index.php\/wp-json\/wp\/v2\/media\/337"}],"wp:attachment":[{"href":"https:\/\/sc-balje.de\/index.php\/wp-json\/wp\/v2\/media?parent=91"}],"curies":[{"name":"wp","href":"https:\/\/api.w.org\/{rel}","templated":true}]}}